{"id":663,"date":"2025-04-23T12:38:09","date_gmt":"2025-04-23T10:38:09","guid":{"rendered":"https:storeto.sk\/?page_id=663"},"modified":"2025-05-13T08:37:08","modified_gmt":"2025-05-13T06:37:08","slug":"spracovanie-osobnych-udajov","status":"publish","type":"page","link":"https:\/\/storeto.sk\/en\/spracovanie-osobnych-udajov\/","title":{"rendered":"Personal Data Processing"},"content":{"rendered":"\n<p>Welcome to the webpage&nbsp;www.storeto.sk&nbsp;. In the beginning, we recommend acquainting yourself carefully with these Rules of Personal Data Processing which we observe when processing the personal data provided by you.<\/p>\n\n\n\n<ol class=\"wp-block-list\">\n<li><strong>Introduction<\/strong><\/li>\n<\/ol>\n\n\n\n<p>Your privacy is important to us, and therefore, we try to ensure a high level of your personal data protection when processing them as well as to maintain the transparency of their processing in accordance with the Regulation (EU) 2016\/679 of the European Parliament and the Council of 27 April 2016 on Personal Data Protection, repealing Directive 95\/46\/EC (General Data Protection Regulation) (hereinafter only as \u201cGDPR\u201d).<\/p>\n\n\n\n<p>For the purposes of GDPR, the Controller who specifies a purpose and scope of the processing of personal data provided using some of the functionalities of this website is the company&nbsp;STORE.TO Ra\u010da, s. r. o., with its registered office at Bottova 1\/1, Bratislava \u2013 mestsk\u00e1 \u010das\u0165 Star\u00e9 Mesto 811 09, I\u010cO: 54 899 249, entered in the Business Register of the Municipal Court Bratislava III, section: Sro, file no. 163888\/B (hereinafter only as&nbsp;<em>\u201c<\/em><strong>Controller<\/strong><em>\u201c<\/em>). Should you have any questions concerning the processing of the personal data we have received from you using some of the functionalities of this website or should you wish to exercise some of the following rights that arise from GDPR for you, please, contact us in writing at the above mentioned address of the Controller PRE\u2019s registered office or electronically via email at the address&nbsp;<br><br>gdpr@altorealestate.sk<\/p>\n\n\n                <\/div>\n            <\/div>\n        <\/div>\n    <\/div>\n<\/section>\n\n    <section  class=\"developer\">\n        <div class=\"container-fluid\">\n            <div class=\"row\">\n                <div class=\"block block-l\">\n                    <div class=\"flex\">\n                        <div class=\"col size-l\">\n                            <div class=\"subtitle\">Developer<\/div>\n                            <p>Alto Real Estate is a team of creators behind sustainable, stable, and timeless real estate projects with a strict focus on quality. Like every one of our developments, STORE.TO is built to be unique, valuable, and enduring. We set high goals, standards, and ambitions\u2014working to ensure people benefit from the quality of our projects for years to come.<\/p>\n                        <\/div>\n                        <div class=\"col\">\n                            <div class=\"block\">\n                                <div class=\"logo\">\n                                    <a href=\"http:\/\/altorealestate.sk\/en\" target=\"_blank\">\n                                        <img decoding=\"async\" src=\"https:\/\/d3i9l7sj72swdx.cloudfront.net\/storeto\/2025\/04\/geBy0Ui4-alto-logo.svg\" alt=\"\" \/>\n                                    <\/a>\n                                <\/div>\n                                <div class=\"link\">\n                                    <a href=\"http:\/\/altorealestate.sk\/en\" target=\"_blank\">altorealestate.sk<\/a>\n                                <\/div>\n                            <\/div>\n                        <\/div>\n                    <\/div>\n                <\/div>\n            <\/div>\n        <\/div>\n    <\/section>\n\n\n    <section  id=\"6\"  class=\"contact\">\n        <div class=\"container-fluid\">\n            <div class=\"row\">\n                <div class=\"flex\">\n                    <div class=\"col\">\n                        <div class=\"block block-m size-l\">\n                            <h2>Want to Learn More?<br \/>\nGet in Touch.<\/h2>\n<p>Fill out the form and our team will contact you with tailored solutions. Together, we\u2019ll find the ideal space for your business.<\/p>\n                            <div class=\"boxes\">\n                                <div class=\"box\">\n                                    <div class=\"info\">\n                                                                                    <div class=\"photo\">\n                                                <img decoding=\"async\" src=\"https:\/\/d3i9l7sj72swdx.cloudfront.net\/storeto\/2025\/04\/photo.jpg\" alt=\"\" \/>\n                                            <\/div>\n                                                                                <div class=\"text\">\n                                            <div class=\"name h4\">J\u00e1n Michalec<\/div>\n                                            <div class=\"size-m\">Leasing Manager<\/div>\n                                        <\/div>\n                                    <\/div>\n                                <\/div>\n                                <div class=\"box\">\n                                    <div class=\"contacts size-l\">\n                                                                                    <a href=\"tel:+421910949950\">+421 910 949 950<\/a>\n                                                                                                                            <a href=\"mailto:michalec@altorealestate.sk\">michalec@altorealestate.sk<\/a>\n                                                                            <\/div>\n                                <\/div>\n                            <\/div>\n                        <\/div>\n                        <div class=\"block block-m social-media\">\n                            <h2>Follow Us<\/h2>\n                            <div class=\"social-links\">\n                                                                        <a href=\"https:\/\/www.facebook.com\/AltoRealEstateSlovakia\/?locale=sk_SK\" target=\"_blank\">\n                                            <img decoding=\"async\" src=\"https:\/\/storeto.sk\/wp-content\/uploads\/storeto\/2025\/04\/fb.svg\" alt=\"\" \/>\n                                        <\/a>\n                                                                            <a href=\"https:\/\/www.instagram.com\/alto_real_estate\/\" target=\"_blank\">\n                                            <img decoding=\"async\" src=\"https:\/\/storeto.sk\/wp-content\/uploads\/storeto\/2025\/04\/insta.svg\" alt=\"\" \/>\n                                        <\/a>\n                                                                <\/div>\n                        <\/div>\n                    <\/div>\n                    <div class=\"col\">\n                        <div class=\"block block-m\">\n                            <h2>Contact Us<\/h2>\n                            <div class=\"form\">\n                                <script type=\"text\/javascript\">\n\/* <![CDATA[ *\/\nvar gform;gform||(document.addEventListener(\"gform_main_scripts_loaded\",function(){gform.scriptsLoaded=!0}),document.addEventListener(\"gform\/theme\/scripts_loaded\",function(){gform.themeScriptsLoaded=!0}),window.addEventListener(\"DOMContentLoaded\",function(){gform.domLoaded=!0}),gform={domLoaded:!1,scriptsLoaded:!1,themeScriptsLoaded:!1,isFormEditor:()=>\"function\"==typeof InitializeEditor,callIfLoaded:function(o){return!(!gform.domLoaded||!gform.scriptsLoaded||!gform.themeScriptsLoaded&&!gform.isFormEditor()||(gform.isFormEditor()&&console.warn(\"The use of gform.initializeOnLoaded() is deprecated in the form editor context and will be removed in Gravity Forms 3.1.\"),o(),0))},initializeOnLoaded:function(o){gform.callIfLoaded(o)||(document.addEventListener(\"gform_main_scripts_loaded\",()=>{gform.scriptsLoaded=!0,gform.callIfLoaded(o)}),document.addEventListener(\"gform\/theme\/scripts_loaded\",()=>{gform.themeScriptsLoaded=!0,gform.callIfLoaded(o)}),window.addEventListener(\"DOMContentLoaded\",()=>{gform.domLoaded=!0,gform.callIfLoaded(o)}))},hooks:{action:{},filter:{}},addAction:function(o,r,e,t){gform.addHook(\"action\",o,r,e,t)},addFilter:function(o,r,e,t){gform.addHook(\"filter\",o,r,e,t)},doAction:function(o){gform.doHook(\"action\",o,arguments)},applyFilters:function(o){return gform.doHook(\"filter\",o,arguments)},removeAction:function(o,r){gform.removeHook(\"action\",o,r)},removeFilter:function(o,r,e){gform.removeHook(\"filter\",o,r,e)},addHook:function(o,r,e,t,n){null==gform.hooks[o][r]&&(gform.hooks[o][r]=[]);var d=gform.hooks[o][r];null==n&&(n=r+\"_\"+d.length),gform.hooks[o][r].push({tag:n,callable:e,priority:t=null==t?10:t})},doHook:function(r,o,e){var t;if(e=Array.prototype.slice.call(e,1),null!=gform.hooks[r][o]&&((o=gform.hooks[r][o]).sort(function(o,r){return o.priority-r.priority}),o.forEach(function(o){\"function\"!=typeof(t=o.callable)&&(t=window[t]),\"action\"==r?t.apply(null,e):e[0]=t.apply(null,e)})),\"filter\"==r)return e[0]},removeHook:function(o,r,t,n){var e;null!=gform.hooks[o][r]&&(e=(e=gform.hooks[o][r]).filter(function(o,r,e){return!!(null!=n&&n!=o.tag||null!=t&&t!=o.priority)}),gform.hooks[o][r]=e)}});\n\/* ]]> *\/\n<\/script>\n\n                <div class='gf_browser_gecko gform_wrapper gravity-theme gform-theme--no-framework' data-form-theme='gravity-theme' data-form-index='0' id='gform_wrapper_4' ><div id='gf_4' class='gform_anchor' tabindex='-1'><\/div>\n                        <div class='gform_heading'>\n                            <p class='gform_description'><\/p>\n                        <\/div><form method='post' enctype='multipart\/form-data' target='gform_ajax_frame_4' id='gform_4'  action='\/en\/wp-json\/wp\/v2\/pages\/663#gf_4' data-formid='4' novalidate>\n                        <div class='gform-body gform_body'><div id='gform_fields_4' class='gform_fields top_label form_sublabel_below description_below validation_below'><div id=\"field_4_1\" class=\"gfield gfield--type-text gfield--input-type-text field_sublabel_below gfield--no-description field_description_below hidden_label field_validation_below gfield_visibility_visible\"  ><label class='gfield_label gform-field-label' for='input_4_1'>Name and surname<\/label><div class='ginput_container ginput_container_text'><input name='input_1' id='input_4_1' type='text' value='' class='large'    placeholder='Name and surname'  aria-invalid=\"false\"   \/><\/div><\/div><div id=\"field_4_3\" class=\"gfield gfield--type-text gfield--input-type-text gfield--width-full field_sublabel_below gfield--no-description field_description_below hidden_label field_validation_below gfield_visibility_visible\"  ><label class='gfield_label gform-field-label' for='input_4_3'>Company name<\/label><div class='ginput_container ginput_container_text'><input name='input_3' id='input_4_3' type='text' value='' class='large'    placeholder='Company name'  aria-invalid=\"false\"   \/><\/div><\/div><div id=\"field_4_4\" class=\"gfield gfield--type-phone gfield--input-type-phone gfield--width-full field_sublabel_below gfield--no-description field_description_below hidden_label field_validation_below gfield_visibility_visible\"  ><label class='gfield_label gform-field-label' for='input_4_4'>Phone number<\/label><div class='ginput_container ginput_container_phone'><input name='input_4' id='input_4_4' type='tel' value='' class='large'  placeholder='Phone number'  aria-invalid=\"false\"   \/><\/div><\/div><div id=\"field_4_5\" class=\"gfield gfield--type-email gfield--input-type-email gfield--width-full gfield_contains_required field_sublabel_below gfield--no-description field_description_below hidden_label field_validation_below gfield_visibility_visible\"  ><label class='gfield_label gform-field-label' for='input_4_5'>Email<span class=\"gfield_required\"><span class=\"gfield_required gfield_required_text\">(Required)<\/span><\/span><\/label><div class='ginput_container ginput_container_email'>\n                            <input name='input_5' id='input_4_5' type='email' value='' class='large'   placeholder='Email' aria-required=\"true\" aria-invalid=\"false\"  \/>\n                        <\/div><\/div><div id=\"field_4_6\" class=\"gfield gfield--type-textarea gfield--input-type-textarea gfield--width-full field_sublabel_below gfield--no-description field_description_below hidden_label field_validation_below gfield_visibility_visible\"  ><label class='gfield_label gform-field-label' for='input_4_6'>Spr\u00e1va<\/label><div class='ginput_container ginput_container_textarea'><textarea name='input_6' id='input_4_6' class='textarea large'    placeholder='Your message'  aria-invalid=\"false\"   rows='10' cols='50'><\/textarea><\/div><\/div><fieldset id=\"field_4_7\" class=\"gfield gfield--type-consent gfield--type-choice gfield--input-type-consent gfield--width-full gfield_contains_required field_sublabel_below gfield--no-description field_description_below hidden_label field_validation_below gfield_visibility_visible\"  ><legend class='gfield_label gform-field-label gfield_label_before_complex' >Consent<span class=\"gfield_required\"><span class=\"gfield_required gfield_required_text\">(Required)<\/span><\/span><\/legend><div class='ginput_container ginput_container_consent'><input name='input_7.1' id='input_4_7_1' type='checkbox' value='1'   aria-required=\"true\" aria-invalid=\"false\"   \/> <label class=\"gform-field-label gform-field-label--type-inline gfield_consent_label\" for='input_4_7_1' >I agree to the processing of personal data.<span class=\"gfield_required gfield_required_text\">(Required)<\/span><\/label><input type='hidden' name='input_7.2' value='I agree to the processing of personal data.' class='gform_hidden' \/><input type='hidden' name='input_7.3' value='4' class='gform_hidden' \/><\/div><\/fieldset><fieldset id=\"field_4_8\" class=\"gfield gfield--type-consent gfield--type-choice gfield--input-type-consent gfield--width-full field_sublabel_below gfield--no-description field_description_below hidden_label field_validation_below gfield_visibility_visible\"  ><legend class='gfield_label gform-field-label gfield_label_before_complex' >Newsletter<\/legend><div class='ginput_container ginput_container_consent'><input name='input_8.1' id='input_4_8_1' type='checkbox' value='1'    aria-invalid=\"false\"   \/> <label class=\"gform-field-label gform-field-label--type-inline gfield_consent_label\" for='input_4_8_1' >I would like to receive news and updates.<\/label><input type='hidden' name='input_8.2' value='I would like to receive news and updates.' class='gform_hidden' \/><input type='hidden' name='input_8.3' value='4' class='gform_hidden' \/><\/div><\/fieldset><div id=\"field_4_9\" class=\"gfield gfield--type-honeypot gform_validation_container field_sublabel_below gfield--has-description field_description_below field_validation_below gfield_visibility_visible\"  ><label class='gfield_label gform-field-label' for='input_4_9'>Email<\/label><div class='ginput_container'><input name='input_9' id='input_4_9' type='text' value='' autocomplete='new-password'\/><\/div><div class='gfield_description' id='gfield_description_4_9'>This field is for validation purposes and should be left unchanged.<\/div><\/div><\/div><\/div>\n        <div class='gform-footer gform_footer top_label'> <button type='submit' id='gform_submit_button_4' class='gform_button button gform-button--width-full' onclick='gform.submission.handleButtonClick(this);' data-submission-type='submit' value='Send'  >Send<\/button> <input type='hidden' name='gform_ajax' value='form_id=4&amp;title=&amp;description=1&amp;tabindex=0&amp;theme=gravity-theme&amp;styles=[]&amp;hash=4aa4522ee0adfee3719a8748c8edb76b' \/>\n            <input type='hidden' class='gform_hidden' name='gform_submission_method' data-js='gform_submission_method_4' value='iframe' \/>\n            <input type='hidden' class='gform_hidden' name='gform_theme' data-js='gform_theme_4' id='gform_theme_4' value='gravity-theme' \/>\n            <input type='hidden' class='gform_hidden' name='gform_style_settings' data-js='gform_style_settings_4' id='gform_style_settings_4' value='[]' \/>\n            <input type='hidden' class='gform_hidden' name='is_submit_4' value='1' \/>\n            <input type='hidden' class='gform_hidden' name='gform_submit' value='4' \/>\n            \n            <input type='hidden' class='gform_hidden' name='gform_unique_id' value='' \/>\n            <input type='hidden' class='gform_hidden' name='state_4' value='WyJ7XCI3LjFcIjpcImQwNzEzZWQ0ZjlhM2JlYTM0NDE0OTVjN2YyOWQzZWYwXCIsXCI3LjJcIjpcIjk3YjJmNWJjMTU2YTM1Y2Y3ZTYwN2JmZjgyNDk5MzY0XCIsXCI3LjNcIjpcIjc0ZWEzM2ZiYzI1Njc0ZTI5ZjIzMTU4NDMxYTM2YTM0XCIsXCI4LjFcIjpcImQwNzEzZWQ0ZjlhM2JlYTM0NDE0OTVjN2YyOWQzZWYwXCIsXCI4LjJcIjpcIjBmOGI3NDc1OWY1OTk1ZGE2NzExZDcxODc2NDhjZWM2XCIsXCI4LjNcIjpcIjc0ZWEzM2ZiYzI1Njc0ZTI5ZjIzMTU4NDMxYTM2YTM0XCJ9IiwiM2JkNzkzMTIyMWU4NzExMWFlNzBmMWE5NjcyN2M4NmUiXQ==' \/>\n            <input type='hidden' autocomplete='off' class='gform_hidden' name='gform_target_page_number_4' id='gform_target_page_number_4' value='0' \/>\n            <input type='hidden' autocomplete='off' class='gform_hidden' name='gform_source_page_number_4' id='gform_source_page_number_4' value='1' \/>\n            <input type='hidden' name='gform_field_values' value='' \/>\n            \n        <\/div>\n                        <p style=\"display: none !important;\" class=\"akismet-fields-container\" data-prefix=\"ak_\"><label>&#916;<textarea name=\"ak_hp_textarea\" cols=\"45\" rows=\"8\" maxlength=\"100\"><\/textarea><\/label><input type=\"hidden\" id=\"ak_js_1\" name=\"ak_js\" value=\"53\"\/><script>document.getElementById( \"ak_js_1\" ).setAttribute( \"value\", ( new Date() ).getTime() );<\/script><\/p><\/form>\n                        <\/div>\n\t\t                <iframe style='display:none;width:0px;height:0px;' src='about:blank' name='gform_ajax_frame_4' id='gform_ajax_frame_4' title='This iframe contains the logic required to handle Ajax powered Gravity Forms.'><\/iframe>\n\t\t                <script type=\"text\/javascript\">\n\/* <![CDATA[ *\/\n gform.initializeOnLoaded( function() {gformInitSpinner( 4, 'https:\/\/storeto.sk\/wp-content\/plugins\/gravityforms\/images\/spinner.svg', true );jQuery('#gform_ajax_frame_4').on('load',function(){var contents = jQuery(this).contents().find('*').html();var is_postback = contents.indexOf('GF_AJAX_POSTBACK') >= 0;if(!is_postback){return;}var form_content = jQuery(this).contents().find('#gform_wrapper_4');var is_confirmation = jQuery(this).contents().find('#gform_confirmation_wrapper_4').length > 0;var is_redirect = contents.indexOf('gformRedirect(){') >= 0;var is_form = form_content.length > 0 && ! is_redirect && ! is_confirmation;var mt = parseInt(jQuery('html').css('margin-top'), 10) + parseInt(jQuery('body').css('margin-top'), 10) + 100;if(is_form){jQuery('#gform_wrapper_4').html(form_content.html());if(form_content.hasClass('gform_validation_error')){jQuery('#gform_wrapper_4').addClass('gform_validation_error');} else {jQuery('#gform_wrapper_4').removeClass('gform_validation_error');}setTimeout( function() { \/* delay the scroll by 50 milliseconds to fix a bug in chrome *\/ jQuery(document).scrollTop(jQuery('#gform_wrapper_4').offset().top - mt); }, 50 );if(window['gformInitDatepicker']) {gformInitDatepicker();}if(window['gformInitPriceFields']) {gformInitPriceFields();}var current_page = jQuery('#gform_source_page_number_4').val();gformInitSpinner( 4, 'https:\/\/storeto.sk\/wp-content\/plugins\/gravityforms\/images\/spinner.svg', true );jQuery(document).trigger('gform_page_loaded', [4, current_page]);window['gf_submitting_4'] = false;}else if(!is_redirect){var confirmation_content = jQuery(this).contents().find('.GF_AJAX_POSTBACK').html();if(!confirmation_content){confirmation_content = contents;}jQuery('#gform_wrapper_4').replaceWith(confirmation_content);jQuery(document).scrollTop(jQuery('#gf_4').offset().top - mt);jQuery(document).trigger('gform_confirmation_loaded', [4]);window['gf_submitting_4'] = false;wp.a11y.speak(jQuery('#gform_confirmation_message_4').text());}else{jQuery('#gform_4').append(contents);if(window['gformRedirect']) {gformRedirect();}}jQuery(document).trigger(\"gform_pre_post_render\", [{ formId: \"4\", currentPage: \"current_page\", abort: function() { this.preventDefault(); } }]);        if (event && event.defaultPrevented) {                return;        }        const gformWrapperDiv = document.getElementById( \"gform_wrapper_4\" );        if ( gformWrapperDiv ) {            const visibilitySpan = document.createElement( \"span\" );            visibilitySpan.id = \"gform_visibility_test_4\";            gformWrapperDiv.insertAdjacentElement( \"afterend\", visibilitySpan );        }        const visibilityTestDiv = document.getElementById( \"gform_visibility_test_4\" );        let postRenderFired = false;        function triggerPostRender() {            if ( postRenderFired ) {                return;            }            postRenderFired = true;            gform.core.triggerPostRenderEvents( 4, current_page );            if ( visibilityTestDiv ) {                visibilityTestDiv.parentNode.removeChild( visibilityTestDiv );            }        }        function debounce( func, wait, immediate ) {            var timeout;            return function() {                var context = this, args = arguments;                var later = function() {                    timeout = null;                    if ( !immediate ) func.apply( context, args );                };                var callNow = immediate && !timeout;                clearTimeout( timeout );                timeout = setTimeout( later, wait );                if ( callNow ) func.apply( context, args );            };        }        const debouncedTriggerPostRender = debounce( function() {            triggerPostRender();        }, 200 );        if ( visibilityTestDiv && visibilityTestDiv.offsetParent === null ) {            const observer = new MutationObserver( ( mutations ) => {                mutations.forEach( ( mutation ) => {                    if ( mutation.type === 'attributes' && visibilityTestDiv.offsetParent !== null ) {                        debouncedTriggerPostRender();                        observer.disconnect();                    }                });            });            observer.observe( document.body, {                attributes: true,                childList: false,                subtree: true,                attributeFilter: [ 'style', 'class' ],            });        } else {            triggerPostRender();        }    } );} ); \n\/* ]]> *\/\n<\/script>\n                            <\/div>\n                        <\/div>\n                    <\/div>\n                <\/div>\n            <\/div>\n        <\/div>\n    <\/section>\n","protected":false},"excerpt":{"rendered":"<p>Welcome to the webpage&nbsp;www.storeto.sk&nbsp;. In the beginning, we recommend acquainting yourself carefully with these Rules of Personal Data Processing which we observe when processing the personal data provided by you. Your privacy is important to us, and therefore, we try to ensure a high level of your personal data protection when processing them as well [&hellip;]<\/p>\n","protected":false},"author":1,"featured_media":0,"parent":0,"menu_order":0,"comment_status":"closed","ping_status":"closed","template":"page-text.php","meta":{"_acf_changed":false,"inline_featured_image":false,"footnotes":""},"class_list":["post-663","page","type-page","status-publish","hentry"],"acf":[],"_links":{"self":[{"href":"https:\/\/storeto.sk\/en\/wp-json\/wp\/v2\/pages\/663","targetHints":{"allow":["GET"]}}],"collection":[{"href":"https:\/\/storeto.sk\/en\/wp-json\/wp\/v2\/pages"}],"about":[{"href":"https:\/\/storeto.sk\/en\/wp-json\/wp\/v2\/types\/page"}],"author":[{"embeddable":true,"href":"https:\/\/storeto.sk\/en\/wp-json\/wp\/v2\/users\/1"}],"replies":[{"embeddable":true,"href":"https:\/\/storeto.sk\/en\/wp-json\/wp\/v2\/comments?post=663"}],"version-history":[{"count":9,"href":"https:\/\/storeto.sk\/en\/wp-json\/wp\/v2\/pages\/663\/revisions"}],"predecessor-version":[{"id":969,"href":"https:\/\/storeto.sk\/en\/wp-json\/wp\/v2\/pages\/663\/revisions\/969"}],"wp:attachment":[{"href":"https:\/\/storeto.sk\/en\/wp-json\/wp\/v2\/media?parent=663"}],"curies":[{"name":"wp","href":"https:\/\/api.w.org\/{rel}","templated":true}]}}